{"id":161,"date":"2022-11-05T14:05:41","date_gmt":"2022-11-05T14:05:41","guid":{"rendered":"https:\/\/zorngaming.lol\/?page_id=161"},"modified":"2024-06-11T23:44:36","modified_gmt":"2024-06-11T23:44:36","slug":"stadgar","status":"publish","type":"page","link":"https:\/\/zorngaming.lol\/?page_id=161","title":{"rendered":"Stadgar"},"content":{"rendered":"\n<h2 class=\"wp-block-heading\">Stadgar<\/h2>\n\n\n<style>.kb-row-layout-id161_b7643e-86 > .kt-row-column-wrap{align-content:start;}:where(.kb-row-layout-id161_b7643e-86 > .kt-row-column-wrap) > .wp-block-kadence-column{justify-content:start;}.kb-row-layout-id161_b7643e-86 > .kt-row-column-wrap{column-gap:var(--global-kb-gap-md, 2rem);row-gap:var(--global-kb-gap-md, 2rem);padding-top:var(--global-kb-spacing-sm, 1.5rem);padding-bottom:var(--global-kb-spacing-sm, 1.5rem);}.kb-row-layout-id161_b7643e-86 > .kt-row-column-wrap > div:not(.added-for-specificity){grid-column:initial;}.kb-row-layout-id161_b7643e-86 > .kt-row-column-wrap{grid-template-columns:minmax(0, 1fr) minmax(0, 6fr) minmax(0, 1fr);}.kb-row-layout-id161_b7643e-86 > .kt-row-layout-overlay{opacity:0.30;}@media all and (max-width: 1024px){.kb-row-layout-id161_b7643e-86 > .kt-row-column-wrap > div:not(.added-for-specificity){grid-column:initial;}}@media all and (max-width: 1024px){.kb-row-layout-id161_b7643e-86 > .kt-row-column-wrap{grid-template-columns:minmax(0, 1fr) minmax(0, 6fr) minmax(0, 1fr);}}@media all and (max-width: 767px){.kb-row-layout-id161_b7643e-86 > .kt-row-column-wrap > div:not(.added-for-specificity){grid-column:initial;}.kb-row-layout-id161_b7643e-86 > .kt-row-column-wrap{grid-template-columns:minmax(0, 1fr);}}<\/style><div class=\"kb-row-layout-wrap kb-row-layout-id161_b7643e-86 alignnone wp-block-kadence-rowlayout\"><div class=\"kt-row-column-wrap kt-has-3-columns kt-row-layout-center-exwide kt-tab-layout-inherit kt-mobile-layout-row kt-row-valign-top\">\n<style>.kadence-column161_ffc776-dd > .kt-inside-inner-col,.kadence-column161_ffc776-dd > .kt-inside-inner-col:before{border-top-left-radius:0px;border-top-right-radius:0px;border-bottom-right-radius:0px;border-bottom-left-radius:0px;}.kadence-column161_ffc776-dd > .kt-inside-inner-col{column-gap:var(--global-kb-gap-sm, 1rem);}.kadence-column161_ffc776-dd > .kt-inside-inner-col{flex-direction:column;}.kadence-column161_ffc776-dd > .kt-inside-inner-col > .aligncenter{width:100%;}.kadence-column161_ffc776-dd > .kt-inside-inner-col:before{opacity:0.3;}.kadence-column161_ffc776-dd{position:relative;}@media all and (max-width: 1024px){.kadence-column161_ffc776-dd > .kt-inside-inner-col{flex-direction:column;}}@media all and (max-width: 767px){.kadence-column161_ffc776-dd > .kt-inside-inner-col{flex-direction:column;}}<\/style>\n<div class=\"wp-block-kadence-column kadence-column161_ffc776-dd\"><div class=\"kt-inside-inner-col\"><\/div><\/div>\n\n\n<style>.kadence-column161_2def8b-c7 > .kt-inside-inner-col,.kadence-column161_2def8b-c7 > .kt-inside-inner-col:before{border-top-left-radius:0px;border-top-right-radius:0px;border-bottom-right-radius:0px;border-bottom-left-radius:0px;}.kadence-column161_2def8b-c7 > .kt-inside-inner-col{column-gap:var(--global-kb-gap-sm, 1rem);}.kadence-column161_2def8b-c7 > .kt-inside-inner-col{flex-direction:column;}.kadence-column161_2def8b-c7 > .kt-inside-inner-col > .aligncenter{width:100%;}.kadence-column161_2def8b-c7 > .kt-inside-inner-col:before{opacity:0.3;}.kadence-column161_2def8b-c7{position:relative;}@media all and (max-width: 1024px){.kadence-column161_2def8b-c7 > .kt-inside-inner-col{flex-direction:column;}}@media all and (max-width: 767px){.kadence-column161_2def8b-c7 > .kt-inside-inner-col{flex-direction:column;}}<\/style>\n<div class=\"wp-block-kadence-column kadence-column161_2def8b-c7\"><div class=\"kt-inside-inner-col\">\n<h2 class=\"wp-block-heading\"><strong>\u00a71 F\u00f6reningen<\/strong><\/h2>\n\n\n\n<p>F\u00f6reningens namn \u00e4r Zorn Gaming<\/p>\n\n\n\n<p>F\u00f6reningen har sitt s\u00e4te i Mora.<\/p>\n\n\n\n<p>F\u00f6reningen \u00e4r en ideell f\u00f6rening som \u00e4r religi\u00f6st och partipolitiskt oberoende.<\/p>\n\n\n\n<p>F\u00f6reningen \u00e4r ansluten till Sverok.<\/p>\n\n\n\n<p>F\u00f6reningens syfte \u00e4r att syssla med och \u00f6ka intresset f\u00f6r gaming.<\/p>\n\n\n\n<p>F\u00f6reningen arbetar med likabehandling f\u00f6r att alla medlemmar ska ha samma m\u00f6jligheter och f\u00f6ruts\u00e4ttningar f\u00f6r att delta i verksamheten och p\u00e5verka den.<\/p>\n\n\n\n<p>F\u00f6reningens verksamhets\u00e5r \u00e4r 1 januari till 31 december.<\/p>\n\n\n\n<p><\/p>\n\n\n\n<h2 class=\"wp-block-heading\"><strong>\u00a72 Bli medlem<\/strong><\/h2>\n\n\n\n<p>Alla personer som godk\u00e4nner f\u00f6reningens stadgar har r\u00e4tt att bli medlemmar.<\/p>\n\n\n\n<p>Medlem blir den som skriftligt har anm\u00e4lt medlemskap till f\u00f6reningen.<\/p>\n\n\n\n<p>\u00c5rsm\u00f6tet kan best\u00e4mma att det \u00e4r gratis att vara medlem, eller att f\u00f6reningen ska ha en medlemsavgift. Om det finns en medlemsavgift m\u00e5ste den vara betald f\u00f6r att en person ska r\u00e4knas som medlem.<\/p>\n\n\n\n<p>Medlemmar har r\u00e4tt att f\u00e5 information om f\u00f6reningen, delta i och r\u00f6sta p\u00e5 \u00e5rsm\u00f6ten och kunna v\u00e4ljas till f\u00f6rtroendeuppdrag i f\u00f6reningen (till exempel styrelse eller valberedning). Medlemmar \u00e4r skyldiga att f\u00f6lja f\u00f6reningens stadgar och regler, h\u00e5lla sina kontaktuppgifter uppdaterade hos f\u00f6reningen och behandla andra medlemmar med respekt.<\/p>\n\n\n\n<p><\/p>\n\n\n\n<h2 class=\"wp-block-heading\"><strong>\u00a73 Sluta vara medlem<\/strong><\/h2>\n\n\n\n<p>Medlemskapet g\u00e4ller till och med det p\u00e5f\u00f6ljande verksamhets\u00e5rets \u00e5rsm\u00f6te. Efter detta m\u00e5ste medlemmen p\u00e5 nytt anm\u00e4la medlemskap om den vill forts\u00e4tta vara medlem i f\u00f6reningen.<\/p>\n\n\n\n<p>En medlem som vill g\u00e5 ur f\u00f6reningen i f\u00f6rtid ska meddela det i text till f\u00f6reningens styrelse. D\u00e5 r\u00e4knas personen inte som medlem l\u00e4ngre.<\/p>\n\n\n\n<p>En medlem som missk\u00f6ter sig kan bli avst\u00e4ngd fr\u00e5n f\u00f6reningens verksamhet och utesluten ur f\u00f6reningen. En person som blivit avst\u00e4ngd \u00e4r fortfarande medlem i f\u00f6reningen men har inte r\u00e4tt att delta i verksamheten. Om personen utesluts \u00e4r den inte l\u00e4ngre medlem i f\u00f6reningen. Beslut om avst\u00e4ngning fattas av styrelsen. Beslut om uteslutning fattas av \u00e5rsm\u00f6tet. Om en medlem blivit avst\u00e4ngd m\u00e5ste det kommande \u00e5rsm\u00f6tet besluta om medlemmen ska uteslutas eller inte. En avst\u00e4ngd medlem har r\u00e4tt att g\u00e5 p\u00e5 \u00e5rsm\u00f6tet, och f\u00e5r r\u00f6sta i fr\u00e5gan om sin uteslutning. Styrelsen och \u00e5rsm\u00f6tet kan h\u00e4va uteslutning och avst\u00e4ngning.<\/p>\n\n\n\n<p><\/p>\n\n\n\n<h2 class=\"wp-block-heading\"><strong>\u00a74 Styrelsen<\/strong><\/h2>\n\n\n\n<p>Styrelsen ska vara minst tre personer, d\u00e4r en \u00e4r ordf\u00f6rande. Styrelsen ska dela p\u00e5 ansvaret.<\/p>\n\n\n\n<p>Styrelsen har ansvar f\u00f6r f\u00f6reningens pengar, verksamhet, medlemslista, \u00e5rsm\u00f6te och f\u00f6r att det som best\u00e4ms p\u00e5 \u00e5rsm\u00f6tet blir gjort.<\/p>\n\n\n\n<p>Styrelsen ska best\u00e4mma vilka som har r\u00e4tt att skriva avtal i f\u00f6reningens namn. De kallas f\u00f6r firmatecknare. Styrelsen kan alltid gemensamt teckna firman.<\/p>\n\n\n\n<p>Styrelsen v\u00e4ljs p\u00e5 f\u00f6reningens \u00e5rsm\u00f6te, och tilltr\u00e4der s\u00e5 fort m\u00f6tet \u00e4r slut.<\/p>\n\n\n\n<p>Alla som \u00e4r medlemmar i f\u00f6reningen kan v\u00e4ljas till styrelsen.<\/p>\n\n\n\n<p><\/p>\n\n\n\n<h2 class=\"wp-block-heading\"><strong>\u00a75 Revisorer<\/strong><\/h2>\n\n\n\n<p>F\u00f6reningen ska ha en eller tv\u00e5 revisorer.<\/p>\n\n\n\n<p>Revisorns uppgift \u00e4r att granska f\u00f6reningens ekonomi och styrelsens arbete och redovisa det f\u00f6r n\u00e4sta \u00e5rsm\u00f6te.<\/p>\n\n\n\n<p>Revisorerna v\u00e4ljs p\u00e5 \u00e5rsm\u00f6tet, och tilltr\u00e4der s\u00e5 fort m\u00f6tet \u00e4r slut.<\/p>\n\n\n\n<p>En person som sitter i f\u00f6reningens styrelse kan inte ocks\u00e5 v\u00e4ljas till revisor.<\/p>\n\n\n\n<p>Revisorn beh\u00f6ver inte vara medlem i f\u00f6reningen.<\/p>\n\n\n\n<p><\/p>\n\n\n\n<h2 class=\"wp-block-heading\"><strong>\u00a76 Valberedning<\/strong><\/h2>\n\n\n\n<p>F\u00f6reningen kan ha en valberedning.<\/p>\n\n\n\n<p>Valberedningens uppgift \u00e4r att f\u00f6resl\u00e5 personer till personvalen p\u00e5 \u00e5rsm\u00f6tet.<\/p>\n\n\n\n<p>Alla som \u00e4r medlemmar i f\u00f6reningen kan v\u00e4ljas till valberedning.<\/p>\n\n\n\n<p>Valberedningen v\u00e4ljs p\u00e5 \u00e5rsm\u00f6tet och tilltr\u00e4der s\u00e5 fort m\u00f6tet \u00e4r slut.<\/p>\n\n\n\n<p>Om ingen valberedning v\u00e4ljs, ansvarar f\u00f6reningens medlemmar gemensamt f\u00f6r valberedningens uppgifter. Medlemmarna skickar d\u00e5 sina f\u00f6rslag till styrelsen och styrelsen ansvarar f\u00f6r att sammanst\u00e4lla och p\u00e5 \u00e5rsm\u00f6tet presentera alla som f\u00f6reslagits.<\/p>\n\n\n\n<p><\/p>\n\n\n\n<h2 class=\"wp-block-heading\"><strong>\u00a77 \u00c5rsm\u00f6te<\/strong><\/h2>\n\n\n\n<p>\u00c5rsm\u00f6tet ska h\u00e5llas senast den 31 mars varje \u00e5r.<\/p>\n\n\n\n<p>F\u00f6r att m\u00f6tet ska vara giltigt m\u00e5ste f\u00f6reningens medlemmar meddelas personligen minst tv\u00e5 veckor i f\u00f6rv\u00e4g. Medlemmarna ska f\u00e5 veta tid, plats och vad som ska tas upp p\u00e5 m\u00f6tet. Om alla medlemmar i f\u00f6reningen \u00e4r n\u00e4rvarande p\u00e5 m\u00f6tet och de enh\u00e4lligt godk\u00e4nner det kan m\u00f6tet vara giltigt \u00e4ven om inbjudan kommit senare \u00e4n tv\u00e5 veckor innan m\u00f6tet.<\/p>\n\n\n\n<p>Om det finns s\u00e4rskilda sk\u00e4l kan \u00e5rsm\u00f6tet h\u00e5llas senare \u00e4n den 31 mars, under f\u00f6ruts\u00e4ttning att medlemmarna godk\u00e4nner det.<\/p>\n\n\n\n<p>Detta ska alltid tas upp p\u00e5 ett ordinarie \u00e5rsm\u00f6te:<\/p>\n\n\n\n<p>1) M\u00f6tets \u00f6ppnande<\/p>\n\n\n\n<p>2) Beslut om m\u00f6tets giltighet<\/p>\n\n\n\n<p>3) Val av m\u00f6tets ordf\u00f6rande<\/p>\n\n\n\n<p>4) Val av m\u00f6tets sekreterare<\/p>\n\n\n\n<p>5) Val av minst en person att granska protokollet efter m\u00f6tet, samt vid behov vara r\u00f6str\u00e4knare<\/p>\n\n\n\n<p>6) Fastst\u00e4llande av r\u00f6stl\u00e4ngd<\/p>\n\n\n\n<p>7) Fastst\u00e4llande av dagordning<\/p>\n\n\n\n<p>8) Styrelsens redovisning av f\u00f6rra \u00e5rets verksamhet<\/p>\n\n\n\n<p>9) Styrelsens redovisning av f\u00f6rra \u00e5rets ekonomi<\/p>\n\n\n\n<p>10) Revisorernas redovisning av styrelsens arbete f\u00f6rra \u00e5ret<\/p>\n\n\n\n<p>11) Beslut om ansvarsfrihet f\u00f6r f\u00f6rra \u00e5rets styrelse<\/p>\n\n\n\n<p>12) Behandling av f\u00f6rslag fr\u00e5n styrelse och medlemmar<\/p>\n\n\n\n<p>13) Beslut om \u00e5rets verksamhetsplan<\/p>\n\n\n\n<p>14) Beslut om \u00e5rets budget och eventuell medlemsavgift<\/p>\n\n\n\n<p>15) Val av \u00e5rets styrelse<\/p>\n\n\n\n<p>16) Val av \u00e5rets revisor(er)<\/p>\n\n\n\n<p>17) Eventuellt val av \u00e5rets valberedare<\/p>\n\n\n\n<p>18) M\u00f6tets avslutande<\/p>\n\n\n\n<p>Om styrelsen, revisorn eller minst en fj\u00e4rdedel av f\u00f6reningens medlemmar vill, ska f\u00f6reningen h\u00e5lla ett extra \u00e5rsm\u00f6te. Det kan h\u00e5llas n\u00e4r som helst p\u00e5 \u00e5ret. Samma krav p\u00e5 giltighet g\u00e4ller f\u00f6r extra \u00e5rsm\u00f6te som f\u00f6r ordinarie. P\u00e5 ett extra \u00e5rsm\u00f6te kan bara det som st\u00e5r i inbjudan tas upp p\u00e5 m\u00f6tet.<\/p>\n\n\n\n<p><\/p>\n\n\n\n<h2 class=\"wp-block-heading\"><strong>\u00a78 Omr\u00f6stningar<\/strong><\/h2>\n\n\n\n<p>Alla medlemmar som \u00e4r p\u00e5 \u00e5rsm\u00f6tet har en r\u00f6st var. R\u00f6stning per fullmakt \u00e4r till\u00e5ten. R\u00f6stning per post \u00e4r inte till\u00e5ten. I omr\u00f6stningar g\u00e4ller att f\u00f6rslaget som f\u00e5tt flest r\u00f6ster vinner. Om en omr\u00f6stning blir lika tv\u00e5 g\u00e5nger i rad r\u00e4knas det som att f\u00f6rslaget inte g\u00e5r igenom. Om omr\u00f6stningen g\u00e4ller ett personval och resultatet blir lika tv\u00e5 g\u00e5nger i rad f\u00e5r slumpen avg\u00f6ra. R\u00f6ster som inte \u00e4r f\u00f6r eller mot n\u00e5got f\u00f6rslag r\u00e4knas inte. Personval ska alltid ske i sluten omr\u00f6stning.<\/p>\n\n\n\n<p>Alla i styrelsen som deltar p\u00e5 ett styrelsem\u00f6te har r\u00f6str\u00e4tt. I omr\u00f6stningar g\u00e4ller att f\u00f6rslaget som f\u00e5tt flest r\u00f6ster vinner. Om en omr\u00f6stning blir lika tv\u00e5 g\u00e5nger i rad r\u00e4knas det som att f\u00f6rslaget inte g\u00e5r igenom. R\u00f6ster som inte \u00e4r f\u00f6r eller mot n\u00e5got f\u00f6rslag r\u00e4knas inte.<\/p>\n\n\n\n<p><\/p>\n\n\n\n<h2 class=\"wp-block-heading\"><strong>\u00a79 \u00c4ndra stadgarna<\/strong><\/h2>\n\n\n\n<p>F\u00f6reningens stadgar kan bara \u00e4ndras p\u00e5 ett \u00e5rsm\u00f6te och om f\u00f6rslaget p\u00e5 \u00e4ndring st\u00e5r med i inbjudan till m\u00f6tet. F\u00f6r att \u00e4ndringen ska g\u00e4lla m\u00e5ste minst dubbelt s\u00e5 m\u00e5nga r\u00f6sta f\u00f6r \u00e4ndringen, som de som r\u00f6star mot.<\/p>\n\n\n\n<p><\/p>\n\n\n\n<h2 class=\"wp-block-heading\"><strong>\u00a710 Nedl\u00e4ggning<\/strong><\/h2>\n\n\n\n<p>\u00c5rsm\u00f6tet kan best\u00e4mma att f\u00f6reningen ska l\u00e4ggas ned. F\u00f6reningen l\u00e4ggs inte ned s\u00e5 l\u00e4nge det finns minst tre medlemmar som vill driva f\u00f6reningen vidare.<\/p>\n\n\n\n<p>Om f\u00f6reningen l\u00e4ggs ned ska alla f\u00f6reningens skulder betalas och konton avslutas. Om f\u00f6reningen har pengar eller saker kvar n\u00e4r den l\u00e4ggs ned ska dessa sk\u00e4nkas till en ideell f\u00f6rening med liknande syfte eller till Sverok. En ansvarig ska utses av \u00e5rsm\u00f6tet f\u00f6r att avsluta f\u00f6reningens konton, s\u00e4ga upp eventuella avtal, sk\u00f6ta \u00f6verf\u00f6ring av tillg\u00e5ngar och avregistrering fr\u00e5n Sverok<\/p>\n\n\n\n<p>Dessa stadgar fastslogs vid konstituerande \u00e5rsm\u00f6te f\u00f6r Zorn Gaming den 2022-09-27.<\/p>\n<\/div><\/div>\n\n\n<style>.kadence-column161_d2d07e-fa > .kt-inside-inner-col,.kadence-column161_d2d07e-fa > .kt-inside-inner-col:before{border-top-left-radius:0px;border-top-right-radius:0px;border-bottom-right-radius:0px;border-bottom-left-radius:0px;}.kadence-column161_d2d07e-fa > .kt-inside-inner-col{column-gap:var(--global-kb-gap-sm, 1rem);}.kadence-column161_d2d07e-fa > .kt-inside-inner-col{flex-direction:column;}.kadence-column161_d2d07e-fa > .kt-inside-inner-col > .aligncenter{width:100%;}.kadence-column161_d2d07e-fa > .kt-inside-inner-col:before{opacity:0.3;}.kadence-column161_d2d07e-fa{position:relative;}@media all and (max-width: 1024px){.kadence-column161_d2d07e-fa > .kt-inside-inner-col{flex-direction:column;}}@media all and (max-width: 767px){.kadence-column161_d2d07e-fa > .kt-inside-inner-col{flex-direction:column;}}<\/style>\n<div class=\"wp-block-kadence-column kadence-column161_d2d07e-fa\"><div class=\"kt-inside-inner-col\"><\/div><\/div>\n\n<\/div><\/div>\n\n\n<h2 class=\"wp-block-heading\"><\/h2>\n","protected":false},"excerpt":{"rendered":"<p>Stadgar \u00a71 F\u00f6reningen F\u00f6reningens namn \u00e4r Zorn Gaming F\u00f6reningen har sitt s\u00e4te i Mora. F\u00f6reningen \u00e4r en ideell f\u00f6rening som \u00e4r religi\u00f6st och partipolitiskt oberoende.&hellip;<\/p>\n","protected":false},"author":2,"featured_media":0,"parent":0,"menu_order":0,"comment_status":"closed","ping_status":"closed","template":"","meta":{"_price":"","_stock":"","_tribe_ticket_header":"","_tribe_default_ticket_provider":"","_tribe_ticket_capacity":"0","_ticket_start_date":"","_ticket_end_date":"","_tribe_ticket_show_description":"","_tribe_ticket_show_not_going":false,"_tribe_ticket_use_global_stock":"","_tribe_ticket_global_stock_level":"","_global_stock_mode":"","_global_stock_cap":"","_tribe_rsvp_for_event":"","_tribe_ticket_going_count":"","_tribe_ticket_not_going_count":"","_tribe_tickets_list":"[]","_tribe_ticket_has_attendee_info_fields":false,"footnotes":"","_tec_slr_enabled":"","_tec_slr_layout":""},"class_list":["post-161","page","type-page","status-publish","hentry"],"brizy_media":[],"ticketed":false,"_links":{"self":[{"href":"https:\/\/zorngaming.lol\/index.php?rest_route=\/wp\/v2\/pages\/161","targetHints":{"allow":["GET"]}}],"collection":[{"href":"https:\/\/zorngaming.lol\/index.php?rest_route=\/wp\/v2\/pages"}],"about":[{"href":"https:\/\/zorngaming.lol\/index.php?rest_route=\/wp\/v2\/types\/page"}],"author":[{"embeddable":true,"href":"https:\/\/zorngaming.lol\/index.php?rest_route=\/wp\/v2\/users\/2"}],"replies":[{"embeddable":true,"href":"https:\/\/zorngaming.lol\/index.php?rest_route=%2Fwp%2Fv2%2Fcomments&post=161"}],"version-history":[{"count":3,"href":"https:\/\/zorngaming.lol\/index.php?rest_route=\/wp\/v2\/pages\/161\/revisions"}],"predecessor-version":[{"id":1926,"href":"https:\/\/zorngaming.lol\/index.php?rest_route=\/wp\/v2\/pages\/161\/revisions\/1926"}],"wp:attachment":[{"href":"https:\/\/zorngaming.lol\/index.php?rest_route=%2Fwp%2Fv2%2Fmedia&parent=161"}],"curies":[{"name":"wp","href":"https:\/\/api.w.org\/{rel}","templated":true}]}}