{"id":164,"date":"2022-11-05T14:06:12","date_gmt":"2022-11-05T14:06:12","guid":{"rendered":"https:\/\/zorngaming.lol\/?page_id=164"},"modified":"2025-09-24T02:57:34","modified_gmt":"2025-09-24T00:57:34","slug":"sverok","status":"publish","type":"page","link":"https:\/\/zorngaming.lol\/?page_id=164","title":{"rendered":"Sverok"},"content":{"rendered":"<style>.kadence-column164_989ac8-26 > .kt-inside-inner-col,.kadence-column164_989ac8-26 > .kt-inside-inner-col:before{border-top-left-radius:0px;border-top-right-radius:0px;border-bottom-right-radius:0px;border-bottom-left-radius:0px;}.kadence-column164_989ac8-26 > .kt-inside-inner-col{column-gap:var(--global-kb-gap-sm, 1rem);}.kadence-column164_989ac8-26 > .kt-inside-inner-col{flex-direction:column;}.kadence-column164_989ac8-26 > .kt-inside-inner-col > .aligncenter{width:100%;}.kadence-column164_989ac8-26 > .kt-inside-inner-col{background-image:linear-gradient(0deg,rgba(213,6,227,0) 0%,rgb(153,7,149) 74%);}.kadence-column164_989ac8-26 > .kt-inside-inner-col:before{opacity:0.3;}.kadence-column164_989ac8-26{position:relative;}@media all and (max-width: 1024px){.kadence-column164_989ac8-26 > .kt-inside-inner-col{flex-direction:column;}}@media all and (max-width: 767px){.kadence-column164_989ac8-26 > .kt-inside-inner-col{flex-direction:column;}}<\/style>\n<div class=\"wp-block-kadence-column kadence-column164_989ac8-26\"><div class=\"kt-inside-inner-col\"><\/div><\/div>\n\n\n<style>.kb-row-layout-id164_b6873b-51 > .kt-row-column-wrap{align-content:start;}:where(.kb-row-layout-id164_b6873b-51 > .kt-row-column-wrap) > .wp-block-kadence-column{justify-content:start;}.kb-row-layout-id164_b6873b-51 > .kt-row-column-wrap{column-gap:var(--global-kb-gap-md, 2rem);row-gap:var(--global-kb-gap-md, 2rem);max-width:826px;margin-left:auto;margin-right:auto;padding-top:var(--global-kb-spacing-sm, 1.5rem);padding-bottom:var(--global-kb-spacing-sm, 1.5rem);grid-template-columns:minmax(0, calc(35% - ((var(--global-kb-gap-md, 2rem) * 1 )\/2)))minmax(0, calc(65% - ((var(--global-kb-gap-md, 2rem) * 1 )\/2)));}.kb-row-layout-id164_b6873b-51 > .kt-row-layout-overlay{opacity:0.30;}@media all and (max-width: 1024px){.kb-row-layout-id164_b6873b-51 > .kt-row-column-wrap{grid-template-columns:minmax(0, 1fr) minmax(0, 2fr);}}@media all and (max-width: 767px){.kb-row-layout-id164_b6873b-51 > .kt-row-column-wrap{grid-template-columns:minmax(0, 1fr);}}<\/style><div class=\"kb-row-layout-wrap kb-row-layout-id164_b6873b-51 alignnone wp-block-kadence-rowlayout\"><div class=\"kt-row-column-wrap kt-has-2-columns kt-row-layout-right-golden kt-tab-layout-inherit kt-mobile-layout-row kt-row-valign-top\">\n<style>.kadence-column164_2c4706-54 > .kt-inside-inner-col,.kadence-column164_2c4706-54 > .kt-inside-inner-col:before{border-top-left-radius:0px;border-top-right-radius:0px;border-bottom-right-radius:0px;border-bottom-left-radius:0px;}.kadence-column164_2c4706-54 > .kt-inside-inner-col{column-gap:var(--global-kb-gap-sm, 1rem);}.kadence-column164_2c4706-54 > .kt-inside-inner-col{flex-direction:column;}.kadence-column164_2c4706-54 > .kt-inside-inner-col > .aligncenter{width:100%;}.kadence-column164_2c4706-54 > .kt-inside-inner-col:before{opacity:0.3;}.kadence-column164_2c4706-54{position:relative;}@media all and (max-width: 1024px){.kadence-column164_2c4706-54 > .kt-inside-inner-col{flex-direction:column;}}@media all and (max-width: 767px){.kadence-column164_2c4706-54 > .kt-inside-inner-col{flex-direction:column;}}<\/style>\n<div class=\"wp-block-kadence-column kadence-column164_2c4706-54\"><div class=\"kt-inside-inner-col\"><style>.kb-image164_80e288-22 .kb-image-has-overlay:after{opacity:0.3;}<\/style>\n<figure class=\"wp-block-kadence-image kb-image164_80e288-22 size-full\"><img loading=\"lazy\" decoding=\"async\" width=\"784\" height=\"784\" src=\"https:\/\/zorngaming.lol\/wp-content\/uploads\/2024\/06\/sverokfyrkant.png\" alt=\"\" class=\"kb-img wp-image-1332\" srcset=\"https:\/\/zorngaming.lol\/wp-content\/uploads\/2024\/06\/sverokfyrkant.png 784w, https:\/\/zorngaming.lol\/wp-content\/uploads\/2024\/06\/sverokfyrkant-300x300.png 300w, https:\/\/zorngaming.lol\/wp-content\/uploads\/2024\/06\/sverokfyrkant-150x150.png 150w, https:\/\/zorngaming.lol\/wp-content\/uploads\/2024\/06\/sverokfyrkant-768x768.png 768w\" sizes=\"auto, (max-width: 784px) 100vw, 784px\" \/><\/figure>\n<\/div><\/div>\n\n\n<style>.kadence-column164_cba0e0-57 > .kt-inside-inner-col,.kadence-column164_cba0e0-57 > .kt-inside-inner-col:before{border-top-left-radius:0px;border-top-right-radius:0px;border-bottom-right-radius:0px;border-bottom-left-radius:0px;}.kadence-column164_cba0e0-57 > .kt-inside-inner-col{column-gap:var(--global-kb-gap-sm, 1rem);}.kadence-column164_cba0e0-57 > .kt-inside-inner-col{flex-direction:column;}.kadence-column164_cba0e0-57 > .kt-inside-inner-col > .aligncenter{width:100%;}.kadence-column164_cba0e0-57 > .kt-inside-inner-col:before{opacity:0.3;}.kadence-column164_cba0e0-57{position:relative;}@media all and (max-width: 1024px){.kadence-column164_cba0e0-57 > .kt-inside-inner-col{flex-direction:column;}}@media all and (max-width: 767px){.kadence-column164_cba0e0-57 > .kt-inside-inner-col{flex-direction:column;}}<\/style>\n<div class=\"wp-block-kadence-column kadence-column164_cba0e0-57\"><div class=\"kt-inside-inner-col\">\n<p><br><br>Zorn Gaming \u00e4r anslutna till Spelhobbyf\u00f6rbundet Sverok.<\/p>\n\n\n\n<p>Detta inneb\u00e4r att du som medlem f\u00e5r en del f\u00f6rm\u00e5ner, bland annat reserabatt och hotellrabatt.<a href=\"https:\/\/medlem.sverok.se\/formaner\/\" data-type=\"URL\" data-id=\"https:\/\/medlem.sverok.se\/formaner\/\" target=\"_blank\" rel=\"noreferrer noopener\"> L\u00e4s mer om detta h\u00e4r!<\/a><\/p>\n\n\n\n<p><\/p>\n\n\n\n<p>Om du har fr\u00e5gor om Sverok och varf\u00f6r de kanske har kontaktat dig. <a data-type=\"URL\" data-id=\"https:\/\/medlem.sverok.se\/du-ar-medlem-i-sverok\/\" href=\"https:\/\/medlem.sverok.se\/du-ar-medlem-i-sverok\/\" target=\"_blank\" rel=\"noreferrer noopener\">L\u00e4s mer p\u00e5 Sveroks hemsida.<\/a><\/p>\n<\/div><\/div>\n\n<\/div><\/div>","protected":false},"excerpt":{"rendered":"<p>Zorn Gaming \u00e4r anslutna till Spelhobbyf\u00f6rbundet Sverok. Detta inneb\u00e4r att du som medlem f\u00e5r en del f\u00f6rm\u00e5ner, bland annat reserabatt och hotellrabatt. L\u00e4s mer om&hellip;<\/p>\n","protected":false},"author":2,"featured_media":0,"parent":0,"menu_order":0,"comment_status":"closed","ping_status":"closed","template":"","meta":{"_price":"","_stock":"","_tribe_ticket_header":"","_tribe_default_ticket_provider":"","_tribe_ticket_capacity":"0","_ticket_start_date":"","_ticket_end_date":"","_tribe_ticket_show_description":"","_tribe_ticket_show_not_going":false,"_tribe_ticket_use_global_stock":"","_tribe_ticket_global_stock_level":"","_global_stock_mode":"","_global_stock_cap":"","_tribe_rsvp_for_event":"","_tribe_ticket_going_count":"","_tribe_ticket_not_going_count":"","_tribe_tickets_list":"[]","_tribe_ticket_has_attendee_info_fields":false,"footnotes":"","_tec_slr_enabled":"","_tec_slr_layout":""},"class_list":["post-164","page","type-page","status-publish","hentry"],"brizy_media":[],"ticketed":false,"_links":{"self":[{"href":"https:\/\/zorngaming.lol\/index.php?rest_route=\/wp\/v2\/pages\/164","targetHints":{"allow":["GET"]}}],"collection":[{"href":"https:\/\/zorngaming.lol\/index.php?rest_route=\/wp\/v2\/pages"}],"about":[{"href":"https:\/\/zorngaming.lol\/index.php?rest_route=\/wp\/v2\/types\/page"}],"author":[{"embeddable":true,"href":"https:\/\/zorngaming.lol\/index.php?rest_route=\/wp\/v2\/users\/2"}],"replies":[{"embeddable":true,"href":"https:\/\/zorngaming.lol\/index.php?rest_route=%2Fwp%2Fv2%2Fcomments&post=164"}],"version-history":[{"count":3,"href":"https:\/\/zorngaming.lol\/index.php?rest_route=\/wp\/v2\/pages\/164\/revisions"}],"predecessor-version":[{"id":2208,"href":"https:\/\/zorngaming.lol\/index.php?rest_route=\/wp\/v2\/pages\/164\/revisions\/2208"}],"wp:attachment":[{"href":"https:\/\/zorngaming.lol\/index.php?rest_route=%2Fwp%2Fv2%2Fmedia&parent=164"}],"curies":[{"name":"wp","href":"https:\/\/api.w.org\/{rel}","templated":true}]}}