{"id":1651,"date":"2024-06-08T12:39:17","date_gmt":"2024-06-08T12:39:17","guid":{"rendered":"https:\/\/zorngaming.lol\/?page_id=1651"},"modified":"2024-06-11T23:58:31","modified_gmt":"2024-06-11T23:58:31","slug":"anders-zorn-och-hans-tekniska-intresse","status":"publish","type":"page","link":"https:\/\/zorngaming.lol\/?page_id=1651","title":{"rendered":"Anders Zorn och hans tekniska intresse"},"content":{"rendered":"\n<h2 class=\"wp-block-heading\">Varf\u00f6r namnet Zorn Gaming?<\/h2>\n\n\n<style>.kb-row-layout-id1651_614d11-eb > .kt-row-column-wrap{align-content:start;}:where(.kb-row-layout-id1651_614d11-eb > .kt-row-column-wrap) > .wp-block-kadence-column{justify-content:start;}.kb-row-layout-id1651_614d11-eb > .kt-row-column-wrap{column-gap:var(--global-kb-gap-md, 2rem);row-gap:var(--global-kb-gap-md, 2rem);padding-top:var(--global-kb-spacing-sm, 1.5rem);padding-bottom:var(--global-kb-spacing-sm, 1.5rem);grid-template-columns:repeat(2, minmax(0, 1fr));}.kb-row-layout-id1651_614d11-eb > .kt-row-layout-overlay{opacity:0.30;}@media all and (max-width: 1024px){.kb-row-layout-id1651_614d11-eb > .kt-row-column-wrap{grid-template-columns:repeat(2, minmax(0, 1fr));}}@media all and (max-width: 767px){.kb-row-layout-id1651_614d11-eb > .kt-row-column-wrap{grid-template-columns:minmax(0, 1fr);}}<\/style><div class=\"kb-row-layout-wrap kb-row-layout-id1651_614d11-eb alignnone wp-block-kadence-rowlayout\"><div class=\"kt-row-column-wrap kt-has-2-columns kt-row-layout-equal kt-tab-layout-inherit kt-mobile-layout-row kt-row-valign-top\">\n<style>.kadence-column1651_71c994-d3 > .kt-inside-inner-col,.kadence-column1651_71c994-d3 > .kt-inside-inner-col:before{border-top-left-radius:0px;border-top-right-radius:0px;border-bottom-right-radius:0px;border-bottom-left-radius:0px;}.kadence-column1651_71c994-d3 > .kt-inside-inner-col{column-gap:var(--global-kb-gap-sm, 1rem);}.kadence-column1651_71c994-d3 > .kt-inside-inner-col{flex-direction:column;}.kadence-column1651_71c994-d3 > .kt-inside-inner-col > .aligncenter{width:100%;}.kadence-column1651_71c994-d3 > .kt-inside-inner-col:before{opacity:0.3;}.kadence-column1651_71c994-d3{position:relative;}@media all and (max-width: 1024px){.kadence-column1651_71c994-d3 > .kt-inside-inner-col{flex-direction:column;}}@media all and (max-width: 767px){.kadence-column1651_71c994-d3 > .kt-inside-inner-col{flex-direction:column;}}<\/style>\n<div class=\"wp-block-kadence-column kadence-column1651_71c994-d3\"><div class=\"kt-inside-inner-col\">\n<figure class=\"wp-block-image size-full\"><img loading=\"lazy\" decoding=\"async\" width=\"679\" height=\"452\" src=\"https:\/\/zorngaming.lol\/wp-content\/uploads\/2024\/06\/image.png\" alt=\"\" class=\"wp-image-1652\" srcset=\"https:\/\/zorngaming.lol\/wp-content\/uploads\/2024\/06\/image.png 679w, https:\/\/zorngaming.lol\/wp-content\/uploads\/2024\/06\/image-300x200.png 300w\" sizes=\"auto, (max-width: 679px) 100vw, 679px\" \/><\/figure>\n<\/div><\/div>\n\n\n<style>.kadence-column1651_24eea2-e4 > .kt-inside-inner-col,.kadence-column1651_24eea2-e4 > .kt-inside-inner-col:before{border-top-left-radius:0px;border-top-right-radius:0px;border-bottom-right-radius:0px;border-bottom-left-radius:0px;}.kadence-column1651_24eea2-e4 > .kt-inside-inner-col{column-gap:var(--global-kb-gap-sm, 1rem);}.kadence-column1651_24eea2-e4 > .kt-inside-inner-col{flex-direction:column;}.kadence-column1651_24eea2-e4 > .kt-inside-inner-col > .aligncenter{width:100%;}.kadence-column1651_24eea2-e4 > .kt-inside-inner-col:before{opacity:0.3;}.kadence-column1651_24eea2-e4{position:relative;}@media all and (max-width: 1024px){.kadence-column1651_24eea2-e4 > .kt-inside-inner-col{flex-direction:column;}}@media all and (max-width: 767px){.kadence-column1651_24eea2-e4 > .kt-inside-inner-col{flex-direction:column;}}<\/style>\n<div class=\"wp-block-kadence-column kadence-column1651_24eea2-e4\"><div class=\"kt-inside-inner-col\">\n<p><br>Anders Zorn var en svensk konstn\u00e4r f\u00f6dd 1860 i Mora och \u00e4r framf\u00f6rallt k\u00e4nd f\u00f6r sina portr\u00e4tt, landskap och nakenstudier. Han betraktas som en av Sveriges fr\u00e4msta konstn\u00e4rer och har en internationell ber\u00f6mmelse som str\u00e4cker sig v\u00e4l bortom Sveriges gr\u00e4nser. Zorn var inte bara en skicklig m\u00e5lare utan \u00e4ven intresserad av teknik och teknologiska innovationer, vilket var ovanligt f\u00f6r konstn\u00e4rer under hans tid.<br><br>Zorns intresse f\u00f6r teknik visade sig i hans engagemang och nyfikenhet f\u00f6r fotografi och hur detta nya medium kunde anv\u00e4ndas i konstens v\u00e4rld. Han experimenterade med olika fotografiska tekniker, vilket \u00e4ven p\u00e5verkade hans konstn\u00e4rliga stil och hans s\u00e4tt att f\u00f6rst\u00e5 ljus och skugga. Zorn anv\u00e4nde sig ofta av fotografier som ett verktyg f\u00f6r att f\u00f6rbereda sina m\u00e5lningar, en praktik som idag \u00e4r vanlig men som p\u00e5 hans tid var ganska nyskapande.<\/p>\n<\/div><\/div>\n\n<\/div><\/div>\n\n\n<p>Vidare var Zorn intresserad av att utforska nya material och tekniker inom m\u00e5leri. Han var k\u00e4nd f\u00f6r att blanda sina egna pigment och experimentera med olika bindemedel f\u00f6r att uppn\u00e5 \u00f6nskade effekter i sina verk. Hans tekniska f\u00e4rdighet och vilja att st\u00e4ndigt f\u00f6rb\u00e4ttra och innovera sitt konstn\u00e4rskap gjorde honom till en pionj\u00e4r inom m\u00e5nga omr\u00e5den.<\/p>\n\n\n\n<p>Dessutom var Zorn en av de f\u00f6rsta i Sverige att installera elektricitet i sitt hem, Zorng\u00e5rden i Mora, vilket ytterligare understryker hans fascination och uppskattning f\u00f6r tekniska framsteg. Han s\u00e5g potentialen i att anv\u00e4nda teknologi inte bara som ett hj\u00e4lpmedel utan ocks\u00e5 som ett s\u00e4tt att f\u00f6rb\u00e4ttra livskvaliteten och arbetseffektiviteten. Genom sin konst och sitt levnadss\u00e4tt bidrog Anders Zorn till att belysa vikten av teknik och innovation i b\u00f6rjan av 1900-talet.<\/p>\n\n\n\n<p>Vi \u00e4r \u00f6vertygade att om Anders Zorn levt idag, s\u00e5 hade han varit en gamer och \u00e4lskat det.<\/p>\n","protected":false},"excerpt":{"rendered":"<p>Varf\u00f6r namnet Zorn Gaming? Anders Zorn var en svensk konstn\u00e4r f\u00f6dd 1860 i Mora och \u00e4r framf\u00f6rallt k\u00e4nd f\u00f6r sina portr\u00e4tt, landskap och nakenstudier. Han&hellip;<\/p>\n","protected":false},"author":1,"featured_media":0,"parent":0,"menu_order":0,"comment_status":"closed","ping_status":"closed","template":"","meta":{"_price":"","_stock":"","_tribe_ticket_header":"","_tribe_default_ticket_provider":"","_tribe_ticket_capacity":"0","_ticket_start_date":"","_ticket_end_date":"","_tribe_ticket_show_description":"","_tribe_ticket_show_not_going":false,"_tribe_ticket_use_global_stock":"","_tribe_ticket_global_stock_level":"","_global_stock_mode":"","_global_stock_cap":"","_tribe_rsvp_for_event":"","_tribe_ticket_going_count":"","_tribe_ticket_not_going_count":"","_tribe_tickets_list":"[]","_tribe_ticket_has_attendee_info_fields":false,"footnotes":"","_tec_slr_enabled":"","_tec_slr_layout":""},"class_list":["post-1651","page","type-page","status-publish","hentry"],"brizy_media":[],"ticketed":false,"_links":{"self":[{"href":"https:\/\/zorngaming.lol\/index.php?rest_route=\/wp\/v2\/pages\/1651","targetHints":{"allow":["GET"]}}],"collection":[{"href":"https:\/\/zorngaming.lol\/index.php?rest_route=\/wp\/v2\/pages"}],"about":[{"href":"https:\/\/zorngaming.lol\/index.php?rest_route=\/wp\/v2\/types\/page"}],"author":[{"embeddable":true,"href":"https:\/\/zorngaming.lol\/index.php?rest_route=\/wp\/v2\/users\/1"}],"replies":[{"embeddable":true,"href":"https:\/\/zorngaming.lol\/index.php?rest_route=%2Fwp%2Fv2%2Fcomments&post=1651"}],"version-history":[{"count":5,"href":"https:\/\/zorngaming.lol\/index.php?rest_route=\/wp\/v2\/pages\/1651\/revisions"}],"predecessor-version":[{"id":1816,"href":"https:\/\/zorngaming.lol\/index.php?rest_route=\/wp\/v2\/pages\/1651\/revisions\/1816"}],"wp:attachment":[{"href":"https:\/\/zorngaming.lol\/index.php?rest_route=%2Fwp%2Fv2%2Fmedia&parent=1651"}],"curies":[{"name":"wp","href":"https:\/\/api.w.org\/{rel}","templated":true}]}}