{"id":167,"date":"2022-11-05T14:07:25","date_gmt":"2022-11-05T14:07:25","guid":{"rendered":"https:\/\/zorngaming.lol\/?page_id=167"},"modified":"2024-06-11T23:48:53","modified_gmt":"2024-06-11T23:48:53","slug":"information-deltagare","status":"publish","type":"page","link":"https:\/\/zorngaming.lol\/?page_id=167","title":{"rendered":"Information &#8211; Deltagare"},"content":{"rendered":"<style>.kadence-column167_6f9e30-31 > .kt-inside-inner-col,.kadence-column167_6f9e30-31 > .kt-inside-inner-col:before{border-top-left-radius:0px;border-top-right-radius:0px;border-bottom-right-radius:0px;border-bottom-left-radius:0px;}.kadence-column167_6f9e30-31 > .kt-inside-inner-col{column-gap:var(--global-kb-gap-sm, 1rem);}.kadence-column167_6f9e30-31 > .kt-inside-inner-col{flex-direction:column;}.kadence-column167_6f9e30-31 > .kt-inside-inner-col > .aligncenter{width:100%;}.kadence-column167_6f9e30-31 > .kt-inside-inner-col:before{opacity:0.3;}.kadence-column167_6f9e30-31{position:relative;}@media all and (max-width: 1024px){.kadence-column167_6f9e30-31 > .kt-inside-inner-col{flex-direction:column;}}@media all and (max-width: 767px){.kadence-column167_6f9e30-31 > .kt-inside-inner-col{flex-direction:column;}}<\/style>\n<div class=\"wp-block-kadence-column kadence-column167_6f9e30-31\"><div class=\"kt-inside-inner-col\"><style>.kb-row-layout-id167_9d2f61-36 > .kt-row-column-wrap{align-content:start;}:where(.kb-row-layout-id167_9d2f61-36 > .kt-row-column-wrap) > .wp-block-kadence-column{justify-content:start;}.kb-row-layout-id167_9d2f61-36 > .kt-row-column-wrap{column-gap:var(--global-kb-gap-md, 2rem);row-gap:var(--global-kb-gap-md, 2rem);padding-top:var(--global-kb-spacing-sm, 1.5rem);padding-bottom:var(--global-kb-spacing-sm, 1.5rem);}.kb-row-layout-id167_9d2f61-36 > .kt-row-column-wrap > div:not(.added-for-specificity){grid-column:initial;}.kb-row-layout-id167_9d2f61-36 > .kt-row-column-wrap{grid-template-columns:minmax(0, 1fr) minmax(0, 6fr) minmax(0, 1fr);}.kb-row-layout-id167_9d2f61-36 > .kt-row-layout-overlay{opacity:0.30;}@media all and (max-width: 1024px){.kb-row-layout-id167_9d2f61-36 > .kt-row-column-wrap > div:not(.added-for-specificity){grid-column:initial;}}@media all and (max-width: 1024px){.kb-row-layout-id167_9d2f61-36 > .kt-row-column-wrap{grid-template-columns:minmax(0, 1fr) minmax(0, 6fr) minmax(0, 1fr);}}@media all and (max-width: 767px){.kb-row-layout-id167_9d2f61-36 > .kt-row-column-wrap > div:not(.added-for-specificity){grid-column:initial;}.kb-row-layout-id167_9d2f61-36 > .kt-row-column-wrap{grid-template-columns:minmax(0, 1fr);}}<\/style><div class=\"kb-row-layout-wrap kb-row-layout-id167_9d2f61-36 alignnone wp-block-kadence-rowlayout\"><div class=\"kt-row-column-wrap kt-has-3-columns kt-row-layout-center-exwide kt-tab-layout-inherit kt-mobile-layout-row kt-row-valign-top\">\n<style>.kadence-column167_f07063-5b > .kt-inside-inner-col,.kadence-column167_f07063-5b > .kt-inside-inner-col:before{border-top-left-radius:0px;border-top-right-radius:0px;border-bottom-right-radius:0px;border-bottom-left-radius:0px;}.kadence-column167_f07063-5b > .kt-inside-inner-col{column-gap:var(--global-kb-gap-sm, 1rem);}.kadence-column167_f07063-5b > .kt-inside-inner-col{flex-direction:column;}.kadence-column167_f07063-5b > .kt-inside-inner-col > .aligncenter{width:100%;}.kadence-column167_f07063-5b > .kt-inside-inner-col:before{opacity:0.3;}.kadence-column167_f07063-5b{position:relative;}@media all and (max-width: 1024px){.kadence-column167_f07063-5b > .kt-inside-inner-col{flex-direction:column;}}@media all and (max-width: 767px){.kadence-column167_f07063-5b > .kt-inside-inner-col{flex-direction:column;}}<\/style>\n<div class=\"wp-block-kadence-column kadence-column167_f07063-5b\"><div class=\"kt-inside-inner-col\"><\/div><\/div>\n\n\n<style>.kadence-column167_5b76cd-70 > .kt-inside-inner-col,.kadence-column167_5b76cd-70 > .kt-inside-inner-col:before{border-top-left-radius:0px;border-top-right-radius:0px;border-bottom-right-radius:0px;border-bottom-left-radius:0px;}.kadence-column167_5b76cd-70 > .kt-inside-inner-col{column-gap:var(--global-kb-gap-sm, 1rem);}.kadence-column167_5b76cd-70 > .kt-inside-inner-col{flex-direction:column;}.kadence-column167_5b76cd-70 > .kt-inside-inner-col > .aligncenter{width:100%;}.kadence-column167_5b76cd-70 > .kt-inside-inner-col:before{opacity:0.3;}.kadence-column167_5b76cd-70{position:relative;}@media all and (max-width: 1024px){.kadence-column167_5b76cd-70 > .kt-inside-inner-col{flex-direction:column;}}@media all and (max-width: 767px){.kadence-column167_5b76cd-70 > .kt-inside-inner-col{flex-direction:column;}}<\/style>\n<div class=\"wp-block-kadence-column kadence-column167_5b76cd-70\"><div class=\"kt-inside-inner-col\"><style>.kb-row-layout-id167_e89e1f-ee > .kt-row-column-wrap{align-content:start;}:where(.kb-row-layout-id167_e89e1f-ee > .kt-row-column-wrap) > .wp-block-kadence-column{justify-content:start;}.kb-row-layout-id167_e89e1f-ee > .kt-row-column-wrap{column-gap:var(--global-kb-gap-md, 2rem);row-gap:var(--global-kb-gap-md, 2rem);padding-top:var(--global-kb-spacing-sm, 1.5rem);padding-bottom:var(--global-kb-spacing-sm, 1.5rem);grid-template-columns:minmax(0, 1fr) minmax(0, 2fr);}.kb-row-layout-id167_e89e1f-ee > .kt-row-layout-overlay{opacity:0.30;}@media all and (max-width: 1024px){.kb-row-layout-id167_e89e1f-ee > .kt-row-column-wrap{grid-template-columns:minmax(0, 1fr) minmax(0, 2fr);}}@media all and (max-width: 767px){.kb-row-layout-id167_e89e1f-ee > .kt-row-column-wrap{grid-template-columns:minmax(0, 1fr);}}<\/style><div class=\"kb-row-layout-wrap kb-row-layout-id167_e89e1f-ee alignnone wp-block-kadence-rowlayout\"><div class=\"kt-row-column-wrap kt-has-2-columns kt-row-layout-right-golden kt-tab-layout-inherit kt-mobile-layout-row kt-row-valign-top\">\n<style>.kadence-column167_87f4df-7e > .kt-inside-inner-col,.kadence-column167_87f4df-7e > .kt-inside-inner-col:before{border-top-left-radius:0px;border-top-right-radius:0px;border-bottom-right-radius:0px;border-bottom-left-radius:0px;}.kadence-column167_87f4df-7e > .kt-inside-inner-col{column-gap:var(--global-kb-gap-sm, 1rem);}.kadence-column167_87f4df-7e > .kt-inside-inner-col{flex-direction:column;}.kadence-column167_87f4df-7e > .kt-inside-inner-col > .aligncenter{width:100%;}.kadence-column167_87f4df-7e > .kt-inside-inner-col:before{opacity:0.3;}.kadence-column167_87f4df-7e{position:relative;}@media all and (max-width: 1024px){.kadence-column167_87f4df-7e > .kt-inside-inner-col{flex-direction:column;}}@media all and (max-width: 767px){.kadence-column167_87f4df-7e > .kt-inside-inner-col{flex-direction:column;}}<\/style>\n<div class=\"wp-block-kadence-column kadence-column167_87f4df-7e\"><div class=\"kt-inside-inner-col\"><div class=\"wp-block-image\">\n<figure class=\"alignright size-large\"><img loading=\"lazy\" decoding=\"async\" width=\"768\" height=\"1024\" src=\"https:\/\/zorngaming.lol\/wp-content\/uploads\/2024\/06\/johanhandlar-1-768x1024.jpg\" alt=\"\" class=\"wp-image-1929\" srcset=\"https:\/\/zorngaming.lol\/wp-content\/uploads\/2024\/06\/johanhandlar-1-768x1024.jpg 768w, https:\/\/zorngaming.lol\/wp-content\/uploads\/2024\/06\/johanhandlar-1-225x300.jpg 225w, https:\/\/zorngaming.lol\/wp-content\/uploads\/2024\/06\/johanhandlar-1-1152x1536.jpg 1152w, https:\/\/zorngaming.lol\/wp-content\/uploads\/2024\/06\/johanhandlar-1-1536x2048.jpg 1536w, https:\/\/zorngaming.lol\/wp-content\/uploads\/2024\/06\/johanhandlar-1-scaled.jpg 1920w\" sizes=\"auto, (max-width: 768px) 100vw, 768px\" \/><\/figure>\n<\/div><\/div><\/div>\n\n\n<style>.kadence-column167_2c498e-a2 > .kt-inside-inner-col,.kadence-column167_2c498e-a2 > .kt-inside-inner-col:before{border-top-left-radius:0px;border-top-right-radius:0px;border-bottom-right-radius:0px;border-bottom-left-radius:0px;}.kadence-column167_2c498e-a2 > .kt-inside-inner-col{column-gap:var(--global-kb-gap-sm, 1rem);}.kadence-column167_2c498e-a2 > .kt-inside-inner-col{flex-direction:column;}.kadence-column167_2c498e-a2 > .kt-inside-inner-col > .aligncenter{width:100%;}.kadence-column167_2c498e-a2 > .kt-inside-inner-col:before{opacity:0.3;}.kadence-column167_2c498e-a2{text-align:left;}.kadence-column167_2c498e-a2{position:relative;}@media all and (max-width: 1024px){.kadence-column167_2c498e-a2 > .kt-inside-inner-col{flex-direction:column;}}@media all and (max-width: 767px){.kadence-column167_2c498e-a2 > .kt-inside-inner-col{flex-direction:column;}}<\/style>\n<div class=\"wp-block-kadence-column kadence-column167_2c498e-a2\"><div class=\"kt-inside-inner-col\">\n<div style=\"height:0px\" aria-hidden=\"true\" class=\"wp-block-spacer\"><\/div>\n\n\n\n<h2 class=\"wp-block-heading\">Mat<\/h2>\n\n\n\n<p>Vi s\u00e4ljer alltid mat och dryck p\u00e5 plats. \u00c4r du allergisk s\u00e5 \u00e4r det bra att informera oss n\u00e4r du g\u00f6r din anm\u00e4lan, s\u00e5 kan vi f\u00f6rs\u00f6ka anpassa oss s\u00e5 gott det g\u00e5r.<\/p>\n\n\n\n<h2 class=\"wp-block-heading\">F\u00f6rs\u00e4kring<\/h2>\n\n\n\n<p>Som deltagare \u00e4r du f\u00f6rs\u00e4krad via Sverok. Du kan l\u00e4sa mer om detta p\u00e5 <a data-type=\"URL\" data-id=\"https:\/\/www.sverokforsakring.se\/\" href=\"https:\/\/www.sverokforsakring.se\/\" target=\"_blank\" rel=\"noreferrer noopener\">Sveroks hemsida<\/a>.<\/p>\n<\/div><\/div>\n\n<\/div><\/div><\/div><\/div>\n\n\n<style>.kadence-column167_ce5718-e4 > .kt-inside-inner-col,.kadence-column167_ce5718-e4 > .kt-inside-inner-col:before{border-top-left-radius:0px;border-top-right-radius:0px;border-bottom-right-radius:0px;border-bottom-left-radius:0px;}.kadence-column167_ce5718-e4 > .kt-inside-inner-col{column-gap:var(--global-kb-gap-sm, 1rem);}.kadence-column167_ce5718-e4 > .kt-inside-inner-col{flex-direction:column;}.kadence-column167_ce5718-e4 > .kt-inside-inner-col > .aligncenter{width:100%;}.kadence-column167_ce5718-e4 > .kt-inside-inner-col:before{opacity:0.3;}.kadence-column167_ce5718-e4{position:relative;}@media all and (max-width: 1024px){.kadence-column167_ce5718-e4 > .kt-inside-inner-col{flex-direction:column;}}@media all and (max-width: 767px){.kadence-column167_ce5718-e4 > .kt-inside-inner-col{flex-direction:column;}}<\/style>\n<div class=\"wp-block-kadence-column kadence-column167_ce5718-e4\"><div class=\"kt-inside-inner-col\"><\/div><\/div>\n\n<\/div><\/div><\/div><\/div>\n\n\n\n<h2 class=\"wp-block-heading\"><\/h2>\n\n\n<style>.kb-row-layout-id167_7f3155-c5 > .kt-row-column-wrap{align-content:start;}:where(.kb-row-layout-id167_7f3155-c5 > .kt-row-column-wrap) > .wp-block-kadence-column{justify-content:start;}.kb-row-layout-id167_7f3155-c5 > .kt-row-column-wrap{column-gap:var(--global-kb-gap-md, 2rem);row-gap:var(--global-kb-gap-md, 2rem);padding-top:var(--global-kb-spacing-sm, 1.5rem);padding-bottom:var(--global-kb-spacing-sm, 1.5rem);}.kb-row-layout-id167_7f3155-c5 > .kt-row-column-wrap > div:not(.added-for-specificity){grid-column:initial;}.kb-row-layout-id167_7f3155-c5 > .kt-row-column-wrap{grid-template-columns:minmax(0, 1fr) minmax(0, 6fr) minmax(0, 1fr);}.kb-row-layout-id167_7f3155-c5 > .kt-row-layout-overlay{opacity:0.30;}@media all and (max-width: 1024px){.kb-row-layout-id167_7f3155-c5 > .kt-row-column-wrap > div:not(.added-for-specificity){grid-column:initial;}}@media all and (max-width: 1024px){.kb-row-layout-id167_7f3155-c5 > .kt-row-column-wrap{grid-template-columns:minmax(0, 1fr) minmax(0, 6fr) minmax(0, 1fr);}}@media all and (max-width: 767px){.kb-row-layout-id167_7f3155-c5 > .kt-row-column-wrap > div:not(.added-for-specificity){grid-column:initial;}.kb-row-layout-id167_7f3155-c5 > .kt-row-column-wrap{grid-template-columns:minmax(0, 1fr);}}<\/style><div class=\"kb-row-layout-wrap kb-row-layout-id167_7f3155-c5 alignnone wp-block-kadence-rowlayout\"><div class=\"kt-row-column-wrap kt-has-3-columns kt-row-layout-center-exwide kt-tab-layout-inherit kt-mobile-layout-row kt-row-valign-top\">\n<style>.kadence-column167_e9d677-ce > .kt-inside-inner-col,.kadence-column167_e9d677-ce > .kt-inside-inner-col:before{border-top-left-radius:0px;border-top-right-radius:0px;border-bottom-right-radius:0px;border-bottom-left-radius:0px;}.kadence-column167_e9d677-ce > .kt-inside-inner-col{column-gap:var(--global-kb-gap-sm, 1rem);}.kadence-column167_e9d677-ce > .kt-inside-inner-col{flex-direction:column;}.kadence-column167_e9d677-ce > .kt-inside-inner-col > .aligncenter{width:100%;}.kadence-column167_e9d677-ce > .kt-inside-inner-col:before{opacity:0.3;}.kadence-column167_e9d677-ce{position:relative;}@media all and (max-width: 1024px){.kadence-column167_e9d677-ce > .kt-inside-inner-col{flex-direction:column;}}@media all and (max-width: 767px){.kadence-column167_e9d677-ce > .kt-inside-inner-col{flex-direction:column;}}<\/style>\n<div class=\"wp-block-kadence-column kadence-column167_e9d677-ce\"><div class=\"kt-inside-inner-col\"><\/div><\/div>\n\n\n<style>.kadence-column167_75bd5f-8c > .kt-inside-inner-col,.kadence-column167_75bd5f-8c > .kt-inside-inner-col:before{border-top-left-radius:0px;border-top-right-radius:0px;border-bottom-right-radius:0px;border-bottom-left-radius:0px;}.kadence-column167_75bd5f-8c > .kt-inside-inner-col{column-gap:var(--global-kb-gap-sm, 1rem);}.kadence-column167_75bd5f-8c > .kt-inside-inner-col{flex-direction:column;}.kadence-column167_75bd5f-8c > .kt-inside-inner-col > .aligncenter{width:100%;}.kadence-column167_75bd5f-8c > .kt-inside-inner-col:before{opacity:0.3;}.kadence-column167_75bd5f-8c{position:relative;}@media all and (max-width: 1024px){.kadence-column167_75bd5f-8c > .kt-inside-inner-col{flex-direction:column;}}@media all and (max-width: 767px){.kadence-column167_75bd5f-8c > .kt-inside-inner-col{flex-direction:column;}}<\/style>\n<div class=\"wp-block-kadence-column kadence-column167_75bd5f-8c\"><div class=\"kt-inside-inner-col\">\n<h2 class=\"wp-block-heading\">Ordningsregler f\u00f6r LAN<\/h2>\n\n\n\n<p>Du f\u00f6rbinder dig alltid n\u00e4r du deltar p\u00e5 evenemang med Zorn Gaming att f\u00f6lja f\u00f6reningens stadgar samt v\u00e5ra ordningsregler f\u00f6r evenemang.<\/p>\n\n\n\n<p><strong>1) ORDNINGSREGLER<\/strong><\/p>\n\n\n\n<p>\u00a7 1.1 Varje deltagare f\u00f6rbinder sig att f\u00f6lja Zorn Gamings stadgar och ordningsregler. Zorn Gaming f\u00f6rbeh\u00e5ller sig r\u00e4tten av n\u00e4r som helst \u00e4ndra dessa utan f\u00f6reg\u00e5ende meddelande. Uppdateringar av reglerna publiceras s\u00e5 snart det \u00e4r m\u00f6jligt p\u00e5 Discord. \u00a7 1.2 Varje deltagare f\u00f6rbinder sig att f\u00f6lja eventuella instruktioner fr\u00e5n Zorn Gamings crew\/funktion\u00e4rer.<\/p>\n\n\n\n<p><strong>2) BILJETTER<\/strong><\/p>\n\n\n\n<p>\u00a7 2.1 Varje biljett \u00e4r giltig f\u00f6r en persons intr\u00e4de med en dator till evenemanget. I priset ing\u00e5r en sittplats med tillh\u00f6rande stol samt r\u00e4tten att vistas i hallen under hela evenemanget, enligt de \u00f6ppettider som angivet p\u00e5 Discord. \u00a7 2.2 Armband skall visas upp f\u00f6r crew varje g\u00e5ng man passerar kontrollen. Eventuellt f\u00f6rs\u00f6k till fusk med armband kommer att polisanm\u00e4las. Den som g\u00f6r sig skyldig till fusk kommer att avvisas fr\u00e5n platsen och kr\u00e4vas p\u00e5 skadest\u00e5nd. \u00a7 2.3 Betalda biljetter \u00e5terk\u00f6pes ej. Sjukdom eller annan of\u00f6rutsedd h\u00e4ndelse ger inte r\u00e4tt till \u00e5terbetalning. \u00a7 2.4 Skulle evenemanget av n\u00e5got sk\u00e4l st\u00e4llas in kommer betalad biljett g\u00e4lla f\u00f6r n\u00e4sta evenemang, alternativt att \u00e5terbetalas till den person som best\u00e4llt biljetterna. \u00a7 2.5 Vid bokning \u00e4r man skyldig att uppge korrekta personuppgifter.<\/p>\n\n\n\n<p>\u00a7 2.6 Eventuella avbrott i el- eller datorn\u00e4t ger inte r\u00e4tten till ers\u00e4ttning eller \u00e5terbetalning av biljettpriset. Det h\u00e4nder att aktiviteter, f\u00f6rel\u00e4sningar och annat blir inst\u00e4llt av olika orsaker. Eventuell inst\u00e4lld eller utebliven del av evenemanget eller annan utf\u00e4stelse ger inte r\u00e4tt till ers\u00e4ttning eller \u00e5terbetalning av biljettpriset. \u00a7 2.7 De personuppgifter som du har l\u00e4mnat vid registreringen lagras inte.<\/p>\n\n\n\n<p><strong>3) DELTAGANDE P\u00c5 EGEN RISK<\/strong><\/p>\n\n\n\n<p>\u00a7 3.1 Deltagande i evenemanget sker p\u00e5 egen risk. \u00a7 3.2 F\u00f6lj v\u00e5ra regler, upptr\u00e4d lugnt, \u00e4t och sov ordentligt. \u00a7 3.3 Zorn Gaming \u00e4r inte ansvarig f\u00f6r deltagares eventuella ekonomiska f\u00f6rluster i samband med evenemanget, direkt eller indirekt, exempelvis vid inst\u00e4llt evenemang, elproblem eller motsvarande. \u00a7 3.4 Zorn Gaming ansvarar ej f\u00f6r deltagarnas personliga tillh\u00f6righeter och utrustning.<\/p>\n\n\n\n<p><strong>4) EL OCH N\u00c4TVERK<\/strong><\/p>\n\n\n\n<p>\u00a7 4.1 Varje deltagare ska vara medveten om att avbrott och st\u00f6rningar under evenemanget kan uppst\u00e5 i elf\u00f6rs\u00f6rjning och datan\u00e4tverk. Zorn Gamings crew f\u00f6rs\u00f6ker \u00e5tg\u00e4rda eventuella problem efter b\u00e4sta f\u00f6rm\u00e5ga. Avbrott ger inte r\u00e4tt till ers\u00e4ttning eller \u00e5terbetalning av erlagt biljettpris, varken helt eller delvis. \u00a7 4.2 Det \u00e4r inte till\u00e5tet att medf\u00f6ra ljudanl\u00e4ggningar eller st\u00f6rre h\u00f6gtalare. F\u00f6r att f\u00e5 ned ljudniv\u00e5n och str\u00f6mf\u00f6rbrukningen \u00e4r det h\u00f6rlurar som g\u00e4ller. \u00a7 4.3 Det \u00e4r inte till\u00e5tet att s\u00e4tta upp egna WLAN-accesspunkter f\u00f6r tr\u00e5dl\u00f6st n\u00e4tverk. \u00a7 4.4 Om en deltagares dator orsakar problem i n\u00e4tverket, s\u00e5 f\u00f6rbeh\u00e5ller vi oss r\u00e4tten att neka access till n\u00e4tverket tills problemet \u00e4r \u00e5tg\u00e4rdat. \u00a7 4.5 Varje deltagare ska vidta l\u00e4mpliga \u00e5tg\u00e4rder f\u00f6r att skydda n\u00e4tverket mot spridning av datavirus, spyware och liknande.<\/p>\n\n\n\n<p><strong>5) \u00d6VRIGT<\/strong><\/p>\n\n\n\n<p>\u00a7 5.1 Eventet \u00e4r drogfritt och vi tolererar inte berusade och\/eller p\u00e5 annat s\u00e4tt p\u00e5verkade personer, och du sl\u00e4pps d\u00e5 inte in. P\u00e5verkade personer kommer att avvisas fr\u00e5n omr\u00e5det. \u00a7 5.2 Det \u00e4r inte till\u00e5tet att p\u00e5 n\u00e5got s\u00e4tt bygga egna bord eller att bygga ut de befintliga borden. \u00a7 5.3 Allt kablage tillh\u00f6rande Zorn Gaming f\u00e5r ej vidr\u00f6ras eller modifieras. \u00a7 5.4 Rekomenderad \u00e5lder f\u00f6r att deltaga p\u00e5 eventet \u00e4r 13\u00e5r, om deltagaren \u00e4r under 18 \u00e5r ska m\u00e5lsman ska informeras om dessa regler. \u00a7 5.5 Brott mot svensk lag leder till polisanm\u00e4lan och omedelbar avhysning fr\u00e5n omr\u00e5det i v\u00e4ntan p\u00e5 polis. \u00a7 5.6 Affischering eller p\u00e5 annat s\u00e4tt spridande av reklam, propaganda eller liknande budskap inom event omr\u00e5det \u00e4r inte till\u00e5tet utan s\u00e4rskilt tillst\u00e5nd fr\u00e5n Zorn Gaming. \u00a7 5.7 Du m\u00e5ste kontinuerligt st\u00e4da din plats och l\u00e4gga pant burkar p\u00e5 r\u00e4tt plats. Din plats ska vara ren innan du l\u00e4mnar den. \u00a7 5.8 Om du blir utkastad s\u00e5 f\u00e5r du inte tillbaka intr\u00e4desavgiften.<\/p>\n\n\n\n<p>\u00a7 5.8 Zorn Gaming har r\u00e4tt att s\u00e4tta upp n\u00e4tverkskameror f\u00f6r publicering p\u00e5 webben samt att publicera foton\/film tagna inne p\u00e5 och utanf\u00f6r eventet p\u00e5 webben utan ytterligare tillst\u00e5nd fr\u00e5n deltagare som eventuellt kommer med p\u00e5 bild.<\/p>\n<\/div><\/div>\n\n\n<style>.kadence-column167_469fb4-56 > .kt-inside-inner-col,.kadence-column167_469fb4-56 > .kt-inside-inner-col:before{border-top-left-radius:0px;border-top-right-radius:0px;border-bottom-right-radius:0px;border-bottom-left-radius:0px;}.kadence-column167_469fb4-56 > .kt-inside-inner-col{column-gap:var(--global-kb-gap-sm, 1rem);}.kadence-column167_469fb4-56 > .kt-inside-inner-col{flex-direction:column;}.kadence-column167_469fb4-56 > .kt-inside-inner-col > .aligncenter{width:100%;}.kadence-column167_469fb4-56 > .kt-inside-inner-col:before{opacity:0.3;}.kadence-column167_469fb4-56{position:relative;}@media all and (max-width: 1024px){.kadence-column167_469fb4-56 > .kt-inside-inner-col{flex-direction:column;}}@media all and (max-width: 767px){.kadence-column167_469fb4-56 > .kt-inside-inner-col{flex-direction:column;}}<\/style>\n<div class=\"wp-block-kadence-column kadence-column167_469fb4-56\"><div class=\"kt-inside-inner-col\"><\/div><\/div>\n\n<\/div><\/div>\n\n\n<h2 class=\"wp-block-heading\"><\/h2>\n","protected":false},"excerpt":{"rendered":"<p>Mat Vi s\u00e4ljer alltid mat och dryck p\u00e5 plats. \u00c4r du allergisk s\u00e5 \u00e4r det bra att informera oss n\u00e4r du g\u00f6r din anm\u00e4lan, s\u00e5&hellip;<\/p>\n","protected":false},"author":2,"featured_media":0,"parent":0,"menu_order":0,"comment_status":"closed","ping_status":"closed","template":"","meta":{"_price":"","_stock":"","_tribe_ticket_header":"","_tribe_default_ticket_provider":"","_tribe_ticket_capacity":"0","_ticket_start_date":"","_ticket_end_date":"","_tribe_ticket_show_description":"","_tribe_ticket_show_not_going":false,"_tribe_ticket_use_global_stock":"","_tribe_ticket_global_stock_level":"","_global_stock_mode":"","_global_stock_cap":"","_tribe_rsvp_for_event":"","_tribe_ticket_going_count":"","_tribe_ticket_not_going_count":"","_tribe_tickets_list":"[]","_tribe_ticket_has_attendee_info_fields":false,"footnotes":"","_tec_slr_enabled":"","_tec_slr_layout":""},"class_list":["post-167","page","type-page","status-publish","hentry"],"brizy_media":[],"ticketed":false,"_links":{"self":[{"href":"https:\/\/zorngaming.lol\/index.php?rest_route=\/wp\/v2\/pages\/167","targetHints":{"allow":["GET"]}}],"collection":[{"href":"https:\/\/zorngaming.lol\/index.php?rest_route=\/wp\/v2\/pages"}],"about":[{"href":"https:\/\/zorngaming.lol\/index.php?rest_route=\/wp\/v2\/types\/page"}],"author":[{"embeddable":true,"href":"https:\/\/zorngaming.lol\/index.php?rest_route=\/wp\/v2\/users\/2"}],"replies":[{"embeddable":true,"href":"https:\/\/zorngaming.lol\/index.php?rest_route=%2Fwp%2Fv2%2Fcomments&post=167"}],"version-history":[{"count":5,"href":"https:\/\/zorngaming.lol\/index.php?rest_route=\/wp\/v2\/pages\/167\/revisions"}],"predecessor-version":[{"id":1931,"href":"https:\/\/zorngaming.lol\/index.php?rest_route=\/wp\/v2\/pages\/167\/revisions\/1931"}],"wp:attachment":[{"href":"https:\/\/zorngaming.lol\/index.php?rest_route=%2Fwp%2Fv2%2Fmedia&parent=167"}],"curies":[{"name":"wp","href":"https:\/\/api.w.org\/{rel}","templated":true}]}}